{"id":239313,"date":"2022-11-12T15:16:03","date_gmt":"2022-11-12T15:16:03","guid":{"rendered":"https:\/\/lesninalgm.si\/kontakt\/"},"modified":"2024-05-29T09:39:59","modified_gmt":"2024-05-29T09:39:59","slug":"kontakt","status":"publish","type":"page","link":"https:\/\/lesninalgm.si\/de\/kontakt\/","title":{"rendered":"Kontakt"},"content":{"rendered":"<p>[et_pb_section fb_built=&#8221;1&#8243; admin_label=&#8221;Header&#8221; _builder_version=&#8221;4.19.5&#8243; _module_preset=&#8221;default&#8221; background_color=&#8221;#001A98&#8243; use_background_color_gradient=&#8221;on&#8221; background_color_gradient_direction=&#8221;81deg&#8221; background_color_gradient_stops=&#8221;#6e6e6e 0%|rgba(38,54,78,0) 64%&#8221; background_color_gradient_overlays_image=&#8221;on&#8221; background_image=&#8221;https:\/\/lesninalgm.si\/wp-content\/uploads\/2022\/11\/kontaktirajte-nas-hero.jpg&#8221; background_position=&#8221;bottom_center&#8221; custom_padding=&#8221;||5.7%||false|false&#8221; background_last_edited=&#8221;on|phone&#8221; use_background_color_gradient_phone=&#8221;on&#8221; background_color_gradient_stops_phone=&#8221;#6e6e6e 28%|rgba(38,54,78,0) 91%&#8221; background_image_phone=&#8221;https:\/\/lesninalgm.si\/wp-content\/uploads\/2022\/11\/kontaktirajte-nas-hero-mobile.jpg&#8221; background_enable_image_phone=&#8221;on&#8221; locked=&#8221;off&#8221; collapsed=&#8221;off&#8221; global_colors_info=&#8221;{}&#8221;][et_pb_row custom_padding_last_edited=&#8221;on|desktop&#8221; _builder_version=&#8221;4.19.5&#8243; _module_preset=&#8221;default&#8221; max_width=&#8221;80%&#8221; module_alignment=&#8221;left&#8221; custom_padding=&#8221;13%|||8vw|false|false&#8221; custom_padding_tablet=&#8221;|||12vw|false|false&#8221; custom_padding_phone=&#8221;|||30px|false|false&#8221; locked=&#8221;off&#8221; global_colors_info=&#8221;{}&#8221;][et_pb_column type=&#8221;4_4&#8243; _builder_version=&#8221;4.18.0&#8243; _module_preset=&#8221;default&#8221; global_colors_info=&#8221;{}&#8221;][et_pb_text _builder_version=&#8221;4.19.5&#8243; _module_preset=&#8221;c16985e1-e0d6-4022-964d-e2bfc04fa633&#8243; header_font=&#8221;Montserrat|700|||||||&#8221; header_text_color=&#8221;#FFFFFF&#8221; header_font_size=&#8221;6vw&#8221; custom_padding=&#8221;||0.1%||false|false&#8221; header_font_size_tablet=&#8221;9vw&#8221; header_font_size_phone=&#8221;10vw&#8221; header_font_size_last_edited=&#8221;on|phone&#8221; border_color_all=&#8221;gcid-e010f2a6-5bcc-4cbf-902a-b2f60822625a&#8221; global_colors_info=&#8221;{%22gcid-e010f2a6-5bcc-4cbf-902a-b2f60822625a%22:%91%22border_color_all%22%93}&#8221;]<\/p>\n<h1>Kontaktirajte nas<\/h1>\n<p>[\/et_pb_text][et_pb_divider color=&#8221;#F8DA3C&#8221; divider_weight=&#8221;3px&#8221; disabled_on=&#8221;on|off|off&#8221; _builder_version=&#8221;4.19.0&#8243; _module_preset=&#8221;default&#8221; width=&#8221;300px&#8221; global_colors_info=&#8221;{}&#8221;][\/et_pb_divider][\/et_pb_column][\/et_pb_row][et_pb_row column_structure=&#8221;1_3,1_3,1_3&#8243; custom_padding_last_edited=&#8221;on|phone&#8221; _builder_version=&#8221;4.19.5&#8243; _module_preset=&#8221;default&#8221; max_width=&#8221;80%&#8221; module_alignment=&#8221;left&#8221; custom_padding=&#8221;1.2%|||8vw|false|false&#8221; custom_padding_tablet=&#8221;|||12vw|false|false&#8221; custom_padding_phone=&#8221;|||30px|false|false&#8221; global_colors_info=&#8221;{}&#8221;][et_pb_column type=&#8221;1_3&#8243; _builder_version=&#8221;4.19.5&#8243; _module_preset=&#8221;default&#8221; global_colors_info=&#8221;{}&#8221;][et_pb_blurb title=&#8221;+386 70 878 078&#8243; url=&#8221;tel:+386%2070%20878%20078&#8243; image=&#8221;https:\/\/lesninalgm.si\/wp-content\/uploads\/2022\/11\/Contact-icon-3.png&#8221; icon_placement=&#8221;left&#8221; image_icon_width=&#8221;3vw&#8221; image_icon_width_tablet=&#8221;5vw&#8221; image_icon_width_phone=&#8221;10vw&#8221; image_icon_width_last_edited=&#8221;on|desktop&#8221; _builder_version=&#8221;4.25.1&#8243; _module_preset=&#8221;default&#8221; header_font=&#8221;Montserrat|300|||||||&#8221; header_text_color=&#8221;#FFFFFF&#8221; header_font_size=&#8221;1.3vw&#8221; module_alignment=&#8221;left&#8221; custom_padding=&#8221;|0px||0px|false|true&#8221; header_font_size_tablet=&#8221;2.2vw&#8221; header_font_size_phone=&#8221;6vw&#8221; header_font_size_last_edited=&#8221;on|tablet&#8221; custom_css_blurb_title=&#8221;margin-top: 7px&#8221; global_colors_info=&#8221;{}&#8221; custom_css_blurb_title_last_edited=&#8221;on|desktop&#8221; custom_css_blurb_image_last_edited=&#8221;on|tablet&#8221; custom_css_blurb_title_tablet=&#8221;margin-top: 7px&#8221; custom_css_blurb_title_phone=&#8221;margin-top: 7px&#8221;][\/et_pb_blurb][\/et_pb_column][et_pb_column type=&#8221;1_3&#8243; _builder_version=&#8221;4.19.5&#8243; _module_preset=&#8221;default&#8221; global_colors_info=&#8221;{}&#8221;][et_pb_blurb title=&#8221; matija.grivic@dolnov.si&#8221; url=&#8221;mailto: matija.grivic@dolnov.si&#8221; image=&#8221;https:\/\/lesninalgm.si\/wp-content\/uploads\/2022\/11\/Contact-icon-2.png&#8221; icon_placement=&#8221;left&#8221; image_icon_width=&#8221;3vw&#8221; image_icon_width_tablet=&#8221;5vw&#8221; image_icon_width_phone=&#8221;10vw&#8221; image_icon_width_last_edited=&#8221;on|desktop&#8221; _builder_version=&#8221;4.25.1&#8243; _module_preset=&#8221;default&#8221; header_font=&#8221;Montserrat|300|||||||&#8221; header_text_color=&#8221;#FFFFFF&#8221; header_font_size=&#8221;1.3vw&#8221; module_alignment=&#8221;left&#8221; custom_padding=&#8221;|0px||0px|false|true&#8221; hover_enabled=&#8221;0&#8243; header_font_size_tablet=&#8221;2.2vw&#8221; header_font_size_phone=&#8221;6vw&#8221; header_font_size_last_edited=&#8221;on|tablet&#8221; custom_css_blurb_title=&#8221;margin-top: 7px&#8221; global_colors_info=&#8221;{}&#8221; custom_css_blurb_title_last_edited=&#8221;on|phone&#8221; custom_css_blurb_title_phone=&#8221;margin-top:10px;&#8221; custom_css_blurb_title_tablet=&#8221;margin-top: 20px&#8221; sticky_enabled=&#8221;0&#8243;][\/et_pb_blurb][\/et_pb_column][et_pb_column type=&#8221;1_3&#8243; _builder_version=&#8221;4.19.5&#8243; _module_preset=&#8221;default&#8221; global_colors_info=&#8221;{}&#8221;][et_pb_blurb title=&#8221;Levec 71b, Petrov\u010de&#8221; url=&#8221;tel:+386%20407%20111%2076&#8243; image=&#8221;https:\/\/lesninalgm.si\/wp-content\/uploads\/2022\/11\/Contact-icon-1.png&#8221; icon_placement=&#8221;left&#8221; image_icon_width=&#8221;3vw&#8221; image_icon_width_tablet=&#8221;5vw&#8221; image_icon_width_phone=&#8221;10vw&#8221; image_icon_width_last_edited=&#8221;on|desktop&#8221; _builder_version=&#8221;4.19.0&#8243; _module_preset=&#8221;default&#8221; header_font=&#8221;Montserrat|300|||||||&#8221; header_text_color=&#8221;#FFFFFF&#8221; header_font_size=&#8221;1.3vw&#8221; module_alignment=&#8221;left&#8221; custom_padding=&#8221;|0px||0px|false|true&#8221; header_font_size_tablet=&#8221;2.2vw&#8221; header_font_size_phone=&#8221;6vw&#8221; header_font_size_last_edited=&#8221;on|tablet&#8221; custom_css_blurb_title=&#8221;margin-top: 7px&#8221; global_colors_info=&#8221;{}&#8221; custom_css_blurb_title_last_edited=&#8221;on|phone&#8221; custom_css_blurb_title_phone=&#8221;margin-top:10px;&#8221; custom_css_blurb_title_tablet=&#8221;margin-top: 20px&#8221;][\/et_pb_blurb][\/et_pb_column][\/et_pb_row][\/et_pb_section][et_pb_section fb_built=&#8221;1&#8243; _builder_version=&#8221;4.19.0&#8243; _module_preset=&#8221;default&#8221; background_image=&#8221;https:\/\/lesninalgm.si\/wp-content\/uploads\/2022\/11\/Group-53.png&#8221; background_size=&#8221;contain&#8221; background_position=&#8221;bottom_left&#8221; global_colors_info=&#8221;{}&#8221;][et_pb_row column_structure=&#8221;1_2,1_2&#8243; _builder_version=&#8221;4.19.0&#8243; _module_preset=&#8221;default&#8221; global_colors_info=&#8221;{}&#8221;][et_pb_column type=&#8221;1_2&#8243; _builder_version=&#8221;4.19.0&#8243; _module_preset=&#8221;default&#8221; global_colors_info=&#8221;{}&#8221;][et_pb_code _builder_version=&#8221;4.19.0&#8243; _module_preset=&#8221;default&#8221; global_colors_info=&#8221;{}&#8221;]<iframe src=\"https:\/\/www.google.com\/maps\/embed?pb=!1m18!1m12!1m3!1d2759.404519215252!2d15.2185859!3d46.2421855!2m3!1f0!2f0!3f0!3m2!1i1024!2i768!4f13.1!3m3!1m2!1s0x4765702f87d2ce5d%3A0xa0c62331670d11e0!2sLevec%2018%2C%203301%20Petrov%C4%8De!5e0!3m2!1sen!2ssi!4v1668268314357!5m2!1sen!2ssi\" width=\"600\" height=\"450\" style=\"border:0;\" allowfullscreen=\"\" loading=\"lazy\" referrerpolicy=\"no-referrer-when-downgrade\"><\/iframe>[\/et_pb_code][\/et_pb_column][et_pb_column type=&#8221;1_2&#8243; _builder_version=&#8221;4.19.0&#8243; _module_preset=&#8221;default&#8221; global_colors_info=&#8221;{}&#8221;][et_pb_text _builder_version=&#8221;4.19.5&#8243; _module_preset=&#8221;default&#8221; text_font=&#8221;Montserrat|500|||||||&#8221; text_font_size=&#8221;18px&#8221; text_letter_spacing=&#8221;1.25px&#8221; header_font_size=&#8221;5vw&#8221; header_2_font=&#8221;Montserrat|900|||||||&#8221; header_2_text_color=&#8221;#001A98&#8243; header_2_font_size=&#8221;3.4vw&#8221; header_4_font=&#8221;Montserrat|300||on|||||&#8221; header_4_font_size=&#8221;2vw&#8221; text_font_size_phone=&#8221;1.2em&#8221; text_line_height_phone=&#8221;1.4em&#8221; header_font_size_tablet=&#8221;5vw&#8221; header_font_size_phone=&#8221;5vw&#8221; header_font_size_last_edited=&#8221;on|desktop&#8221; header_2_font_size_tablet=&#8221;6.7vw&#8221; header_2_font_size_phone=&#8221;10.1vw&#8221; header_2_font_size_last_edited=&#8221;on|desktop&#8221; header_4_font_size_tablet=&#8221;3.3vw&#8221; header_4_font_size_phone=&#8221;5vw&#8221; header_4_font_size_last_edited=&#8221;on|phone&#8221; global_colors_info=&#8221;{}&#8221;]<\/p>\n<h2>Po\u0161ljite nam sporo\u010dilo<\/h2>\n<p>Odgovorili vam bomo v najkraj\u0161em mo\u017enem \u010dasu.<\/p>\n<p>[\/et_pb_text][et_pb_contact_form email=&#8221;info@lesninalgm.si, matija.grivic@dolnov.si&#8221; custom_message=&#8221;Povpra\u0161evanje s spletne strani lesninalgm.si: ||et_pb_line_break_holder||||et_pb_line_break_holder||Ime in priimek: %%name%%||et_pb_line_break_holder||Email: %%Email%%||et_pb_line_break_holder||Sporo\u010dilo: %%Message%%&#8221; use_redirect=&#8221;on&#8221; redirect_url=&#8221;\/zahvalna-stran&#8221; success_message=&#8221;Zahvaljujemo se vam za va\u0161e povpra\u0161evanje. Odgovorili vam bomo v najkraj\u0161em mo\u017enem \u010dasu. &#8221; submit_button_text=&#8221;Po\u0161lji&#8221; _builder_version=&#8221;4.25.1&#8243; _module_preset=&#8221;default&#8221; _unique_id=&#8221;6d358e02-ea8b-43a3-83c9-b1d4c6129bc1&#8243; custom_button=&#8221;on&#8221; button_text_color=&#8221;#FFFFFF&#8221; button_bg_color=&#8221;#001A98&#8243; button_border_width=&#8221;0px&#8221; button_border_radius=&#8221;40px&#8221; button_letter_spacing=&#8221;2px&#8221; button_font=&#8221;|||on|||||&#8221; button_custom_padding=&#8221;|18px||18px|false|true&#8221; hover_enabled=&#8221;0&#8243; global_colors_info=&#8221;{}&#8221; sticky_enabled=&#8221;0&#8243;][et_pb_contact_field field_id=&#8221;Name&#8221; field_title=&#8221;Ime in priimek&#8221; _builder_version=&#8221;4.19.0&#8243; global_colors_info=&#8221;{}&#8221; button_text_size__hover_enabled=&#8221;off&#8221; button_one_text_size__hover_enabled=&#8221;off&#8221; button_two_text_size__hover_enabled=&#8221;off&#8221; button_text_color__hover_enabled=&#8221;off&#8221; button_one_text_color__hover_enabled=&#8221;off&#8221; button_two_text_color__hover_enabled=&#8221;off&#8221; button_border_width__hover_enabled=&#8221;off&#8221; button_one_border_width__hover_enabled=&#8221;off&#8221; button_two_border_width__hover_enabled=&#8221;off&#8221; button_border_color__hover_enabled=&#8221;off&#8221; button_one_border_color__hover_enabled=&#8221;off&#8221; button_two_border_color__hover_enabled=&#8221;off&#8221; button_border_radius__hover_enabled=&#8221;off&#8221; button_one_border_radius__hover_enabled=&#8221;off&#8221; button_two_border_radius__hover_enabled=&#8221;off&#8221; button_letter_spacing__hover_enabled=&#8221;off&#8221; button_one_letter_spacing__hover_enabled=&#8221;off&#8221; button_two_letter_spacing__hover_enabled=&#8221;off&#8221; button_bg_color__hover_enabled=&#8221;off&#8221; button_one_bg_color__hover_enabled=&#8221;off&#8221; button_two_bg_color__hover_enabled=&#8221;off&#8221;][\/et_pb_contact_field][et_pb_contact_field field_id=&#8221;Email&#8221; field_title=&#8221;Email Naslov&#8221; field_type=&#8221;email&#8221; _builder_version=&#8221;4.19.0&#8243; global_colors_info=&#8221;{}&#8221; button_text_size__hover_enabled=&#8221;off&#8221; button_one_text_size__hover_enabled=&#8221;off&#8221; button_two_text_size__hover_enabled=&#8221;off&#8221; button_text_color__hover_enabled=&#8221;off&#8221; button_one_text_color__hover_enabled=&#8221;off&#8221; button_two_text_color__hover_enabled=&#8221;off&#8221; button_border_width__hover_enabled=&#8221;off&#8221; button_one_border_width__hover_enabled=&#8221;off&#8221; button_two_border_width__hover_enabled=&#8221;off&#8221; button_border_color__hover_enabled=&#8221;off&#8221; button_one_border_color__hover_enabled=&#8221;off&#8221; button_two_border_color__hover_enabled=&#8221;off&#8221; button_border_radius__hover_enabled=&#8221;off&#8221; button_one_border_radius__hover_enabled=&#8221;off&#8221; button_two_border_radius__hover_enabled=&#8221;off&#8221; button_letter_spacing__hover_enabled=&#8221;off&#8221; button_one_letter_spacing__hover_enabled=&#8221;off&#8221; button_two_letter_spacing__hover_enabled=&#8221;off&#8221; button_bg_color__hover_enabled=&#8221;off&#8221; button_one_bg_color__hover_enabled=&#8221;off&#8221; button_two_bg_color__hover_enabled=&#8221;off&#8221;][\/et_pb_contact_field][et_pb_contact_field field_id=&#8221;Message&#8221; field_title=&#8221;Sporo\u010dilo&#8221; field_type=&#8221;text&#8221; fullwidth_field=&#8221;on&#8221; _builder_version=&#8221;4.19.0&#8243; global_colors_info=&#8221;{}&#8221; button_text_size__hover_enabled=&#8221;off&#8221; button_one_text_size__hover_enabled=&#8221;off&#8221; button_two_text_size__hover_enabled=&#8221;off&#8221; button_text_color__hover_enabled=&#8221;off&#8221; button_one_text_color__hover_enabled=&#8221;off&#8221; button_two_text_color__hover_enabled=&#8221;off&#8221; button_border_width__hover_enabled=&#8221;off&#8221; button_one_border_width__hover_enabled=&#8221;off&#8221; button_two_border_width__hover_enabled=&#8221;off&#8221; button_border_color__hover_enabled=&#8221;off&#8221; button_one_border_color__hover_enabled=&#8221;off&#8221; button_two_border_color__hover_enabled=&#8221;off&#8221; button_border_radius__hover_enabled=&#8221;off&#8221; button_one_border_radius__hover_enabled=&#8221;off&#8221; button_two_border_radius__hover_enabled=&#8221;off&#8221; button_letter_spacing__hover_enabled=&#8221;off&#8221; button_one_letter_spacing__hover_enabled=&#8221;off&#8221; button_two_letter_spacing__hover_enabled=&#8221;off&#8221; button_bg_color__hover_enabled=&#8221;off&#8221; button_one_bg_color__hover_enabled=&#8221;off&#8221; button_two_bg_color__hover_enabled=&#8221;off&#8221;][\/et_pb_contact_field][\/et_pb_contact_form][\/et_pb_column][\/et_pb_row][\/et_pb_section]<\/p>\n","protected":false},"excerpt":{"rendered":"<p>Kontaktirajte nasPo\u0161ljite nam sporo\u010dilo Odgovorili vam bomo v najkraj\u0161em mo\u017enem \u010dasu.<\/p>\n","protected":false},"author":1,"featured_media":0,"parent":0,"menu_order":0,"comment_status":"closed","ping_status":"closed","template":"","meta":{"_et_pb_use_builder":"on","_et_pb_old_content":"","_et_gb_content_width":"","footnotes":""},"_links":{"self":[{"href":"https:\/\/lesninalgm.si\/de\/wp-json\/wp\/v2\/pages\/239313"}],"collection":[{"href":"https:\/\/lesninalgm.si\/de\/wp-json\/wp\/v2\/pages"}],"about":[{"href":"https:\/\/lesninalgm.si\/de\/wp-json\/wp\/v2\/types\/page"}],"author":[{"embeddable":true,"href":"https:\/\/lesninalgm.si\/de\/wp-json\/wp\/v2\/users\/1"}],"replies":[{"embeddable":true,"href":"https:\/\/lesninalgm.si\/de\/wp-json\/wp\/v2\/comments?post=239313"}],"version-history":[{"count":7,"href":"https:\/\/lesninalgm.si\/de\/wp-json\/wp\/v2\/pages\/239313\/revisions"}],"predecessor-version":[{"id":241685,"href":"https:\/\/lesninalgm.si\/de\/wp-json\/wp\/v2\/pages\/239313\/revisions\/241685"}],"wp:attachment":[{"href":"https:\/\/lesninalgm.si\/de\/wp-json\/wp\/v2\/media?parent=239313"}],"curies":[{"name":"wp","href":"https:\/\/api.w.org\/{rel}","templated":true}]}}